{"id":384,"date":"2024-10-15T17:15:17","date_gmt":"2024-10-15T15:15:17","guid":{"rendered":"https:\/\/lorient-residence.fr\/mentions-legales\/"},"modified":"2024-12-05T12:19:24","modified_gmt":"2024-12-05T11:19:24","slug":"terms-of-use","status":"publish","type":"page","link":"https:\/\/lorient-residence.fr\/en\/terms-of-use\/","title":{"rendered":"Terms of use"},"content":{"rendered":"<section class=\"l-section wpb_row height_medium color_primary with_slider\"><div class=\"l-section-slider\"><div class=\"w-slider style_none fit_cover nav_none count_3\"><div class=\"w-slider-h\" aria-hidden=\"true\"><div class=\"royalSlider\"><div class=\"rsContent\"><a class=\"rsImg\" data-rsw=\"2560\" data-rsh=\"1707\" href=\"https:\/\/lorient-residence.fr\/wp-content\/uploads\/2024\/10\/55A6791-scaled.jpg\"><span data-alt=\"\"><\/span><\/a><\/div><div class=\"rsContent\"><a class=\"rsImg\" data-rsw=\"2560\" data-rsh=\"1850\" href=\"https:\/\/lorient-residence.fr\/wp-content\/uploads\/2024\/10\/P1106469-scaled.jpg\"><span data-alt=\"\"><\/span><\/a><\/div><div class=\"rsContent\"><a class=\"rsImg\" data-rsw=\"2560\" data-rsh=\"1707\" href=\"https:\/\/lorient-residence.fr\/wp-content\/uploads\/2024\/10\/55A6821-scaled.jpg\"><span data-alt=\"\"><\/span><\/a><\/div><\/div><img decoding=\"async\" src=\"https:\/\/lorient-residence.fr\/wp-content\/uploads\/2024\/10\/55A6791-scaled.jpg\" width=\"2560\" height=\"1707\" alt loading=\"lazy\"><\/div><div class=\"w-slider-json\" onclick='return {&quot;autoScaleSlider&quot;:true,&quot;addActiveClass&quot;:true,&quot;loop&quot;:true,&quot;fadeInLoadedSlide&quot;:false,&quot;slidesSpacing&quot;:0,&quot;imageScalePadding&quot;:0,&quot;numImagesToPreload&quot;:2,&quot;arrowsNav&quot;:false,&quot;arrowsNavAutoHide&quot;:false,&quot;transitionType&quot;:&quot;fade&quot;,&quot;transitionSpeed&quot;:1000,&quot;block&quot;:{&quot;moveEffect&quot;:&quot;none&quot;,&quot;speed&quot;:300},&quot;thumbs&quot;:{&quot;fitInViewport&quot;:false,&quot;firstMargin&quot;:false,&quot;spacing&quot;:4},&quot;controlNavigation&quot;:&quot;none&quot;,&quot;autoplay&quot;:{&quot;enabled&quot;:true,&quot;pauseOnHover&quot;:false,&quot;delay&quot;:3000},&quot;autoScaleSliderWidth&quot;:2560,&quot;autoScaleSliderHeight&quot;:1707}'><\/div><\/div><\/div><div class=\"l-section-overlay\" style=\"background:rgba(0,0,0,0.25)\"><\/div><div class=\"l-section-h i-cf\"><div class=\"g-cols vc_row via_flex valign_top type_default stacking_default\"><div class=\"vc_col-sm-12 wpb_column vc_column_container\"><div class=\"vc_column-inner\"><div class=\"wpb_wrapper\"><div class=\"w-separator size_custom\" style=\"height:4rem\"><\/div><div class=\"wpb_text_column us_custom_a88c5b5a\"><div class=\"wpb_wrapper\"><p style=\"text-align: center;\"><span style=\"color: #e84429;\">Terms<\/span><br \/>\nof use<\/p>\n<\/div><\/div><div class=\"w-separator size_custom\" style=\"height:4rem\"><\/div><section class=\"l-section wpb_row height_auto width_full\"><div class=\"l-section-h i-cf\"><div class=\"g-cols vc_row via_flex valign_top type_default stacking_default\"><div class=\"vc_col-sm-12 wpb_column vc_column_container\"><div class=\"vc_column-inner\"><div class=\"wpb_wrapper\"><div class=\"g-cols wpb_row via_flex valign_top type_default stacking_default\"><div class=\"vc_col-sm-3 wpb_column vc_column_container\"><div class=\"vc_column-inner\"><div class=\"wpb_wrapper\"><\/div><\/div><\/div><div class=\"vc_col-sm-6 wpb_column vc_column_container\"><div class=\"vc_column-inner\"><div class=\"wpb_wrapper\"><div class=\"w-hwrapper us_custom_1aebd09a lr-wrapper-reservation has_text_color valign_middle align_justify\" style=\"--hwrapper-gap:0px\"><div class=\"wpb_text_column us_custom_641d9caa\"><div class=\"wpb_wrapper\"><p style=\"text-align: center;\"><span style=\"color: #e84429;\">Book my stay<\/span> at Lorient R\u00e9sidence<\/p>\n<\/div><\/div><div class=\"w-btn-wrapper align_none\"><a class=\"w-btn us-btn-style_3\" id=\"lre-convga-resa-en\" target=\"_blank\" href=\"https:\/\/secure.reservit.com\/fo\/booking\/2\/458637\/dates?specialMode=default&amp;langcode=FR&amp;__utmz=128918670.1729787780.1.1.utmcsr=(direct)|utmccn=(direct)|utmcmd=(none)&amp;custid=2&amp;_ga=GA1.3.1489110913.1729787666&amp;__utmb=128918670.3.10.1730999107&amp;hotelid=458637&amp;__utmc=128918670&amp;m=booking&amp;__utma=128918670.1489110913.1729787666.1730714188.1730999107.3\"><span class=\"w-btn-label\">Book now<\/span><\/a><\/div><\/div><\/div><\/div><\/div><div class=\"vc_col-sm-3 wpb_column vc_column_container\"><div class=\"vc_column-inner\"><div class=\"wpb_wrapper\"><\/div><\/div><\/div><\/div><\/div><\/div><\/div><\/div><\/div><\/section>\n<\/div><\/div><\/div><\/div><\/div><\/section><section class=\"l-section wpb_row height_medium\"><div class=\"l-section-h i-cf\"><div class=\"g-cols vc_row via_flex valign_top type_default stacking_default\"><div class=\"vc_col-sm-12 wpb_column vc_column_container\"><div class=\"vc_column-inner\"><div class=\"wpb_wrapper\"><div class=\"wpb_text_column\"><div class=\"wpb_wrapper\"><h2>Site presentation<\/h2>\n<p>Pursuant to Article 6 of Law No. 2004-575 of 21 June 2004 on confidence in the digital economy, users of the SARL BEQUIA (lorient-residence.fr) website are informed of the identity of the various parties involved in its creation and follow-up:<\/p>\n<ul>\n<li><strong>Owner :<\/strong> SARL BEQUIA &#8211; 758 rue Pierre Landais &#8211; 56850 CAUDAN &#8211; France<\/li>\n<li><strong>Person in charge of publication :<\/strong> Katell Le Digabel \u2013 <a href=\"mailto:contact@lorient-residence.fr\">contact@lorient-residence.fr<\/a><\/li>\n<li><strong>Web host :<\/strong> OVH Groupe SA, soci\u00e9t\u00e9 immatricul\u00e9e au RCS de Lille sous le num\u00e9ro 537 407 926 sise 2, rue Kellermann, 59100 ROUBAIX &#8211; France<\/li>\n<\/ul>\n<\/div><\/div><\/div><\/div><\/div><\/div><\/div><\/section><section class=\"l-section wpb_row height_medium\"><div class=\"l-section-h i-cf\"><div class=\"g-cols vc_row via_flex valign_top type_default stacking_default\"><div class=\"vc_col-sm-12 wpb_column vc_column_container\"><div class=\"vc_column-inner\"><div class=\"wpb_wrapper\"><div class=\"wpb_text_column\"><div class=\"wpb_wrapper\"><h2>Credits<\/h2>\n<ul>\n<li><strong>Web development :<\/strong> <a href=\"https:\/\/lacoquilleweb.com\/\" target=\"_blank\" rel=\"noopener\">La Coquille Web<\/a> \u2013 Steven Barati\u00e9<\/li>\n<\/ul>\n<\/div><\/div><\/div><\/div><\/div><\/div><\/div><\/section><section class=\"l-section wpb_row height_medium\"><div class=\"l-section-h i-cf\"><div class=\"g-cols vc_row via_flex valign_top type_default stacking_default\"><div class=\"vc_col-sm-12 wpb_column vc_column_container\"><div class=\"vc_column-inner\"><div class=\"wpb_wrapper\"><div class=\"wpb_text_column\"><div class=\"wpb_wrapper\"><h2>General terms and conditions of use of the site and the services offered<\/h2>\n<p>Use of the SARL BEQUIA (lorient-residence.fr) website implies full acceptance of the general conditions of use described below. These conditions of use may be amended or supplemented at any time, and users of the SARL BEQUIA (lorient-residence.fr) website are therefore invited to consult them regularly.<\/p>\n<p>This site is normally accessible to users at all times. However, SARL BEQUIA may decide to interrupt the site for technical maintenance, in which case SARL BEQUIA will endeavour to inform users of the dates and times of the intervention in advance.<\/p>\n<p>The SARL BEQUIA website (lorient-residence.fr) is regularly updated by SARL BEQUIA. Similarly, the legal notices may be modified at any time: they are nevertheless binding on the user, who is invited to refer to them as often as possible in order to review them.<\/p>\n<\/div><\/div><\/div><\/div><\/div><\/div><\/div><\/section><section class=\"l-section wpb_row height_medium\"><div class=\"l-section-h i-cf\"><div class=\"g-cols vc_row via_flex valign_top type_default stacking_default\"><div class=\"vc_col-sm-12 wpb_column vc_column_container\"><div class=\"vc_column-inner\"><div class=\"wpb_wrapper\"><div class=\"wpb_text_column\"><div class=\"wpb_wrapper\"><h2>Description of services provided<\/h2>\n<p>The purpose of the SARL BEQUIA (lorient-residence.fr) website is to provide information concerning all of the company&#8217;s activities.<\/p>\n<p>SARL BEQUIA endeavours to provide information on the SARL BEQUIA (lorient-residence.fr) website that is as accurate as possible. However, it cannot be held responsible for any omissions, inaccuracies or failures to update the information, whether these are its fault or the fault of third-party partners who provide the information.<\/p>\n<p>All information provided on the SARL BEQUIA website (lorient-residence.fr) is given for information purposes only and is subject to change. Furthermore, the information contained on the SARL BEQUIA (lorient-residence.fr) website is not exhaustive. It is subject to any changes that may have been made since it was put online.<\/p>\n<\/div><\/div><\/div><\/div><\/div><\/div><\/div><\/section><section class=\"l-section wpb_row height_medium\"><div class=\"l-section-h i-cf\"><div class=\"g-cols vc_row via_flex valign_top type_default stacking_default\"><div class=\"vc_col-sm-12 wpb_column vc_column_container\"><div class=\"vc_column-inner\"><div class=\"wpb_wrapper\"><div class=\"wpb_text_column\"><div class=\"wpb_wrapper\"><h2>Contractual limitations on technical data<\/h2>\n<p><strong>The site uses JavaScript technology.<\/strong><\/p>\n<p>The website cannot be held responsible for any material damage linked to the use of the site. In addition, users of the site undertake to access the site using recent, virus-free equipment and with an up-to-date, latest-generation browser.<\/p>\n<\/div><\/div><\/div><\/div><\/div><\/div><\/div><\/section><section class=\"l-section wpb_row height_medium\"><div class=\"l-section-h i-cf\"><div class=\"g-cols vc_row via_flex valign_top type_default stacking_default\"><div class=\"vc_col-sm-12 wpb_column vc_column_container\"><div class=\"vc_column-inner\"><div class=\"wpb_wrapper\"><div class=\"wpb_text_column\"><div class=\"wpb_wrapper\"><h2>Limitation of liability<\/h2>\n<p>SARL BEQUIA may not be held liable for direct or indirect damage caused to the user&#8217;s equipment when accessing the SARL BEQUIA (lorient-residence.fr) website, resulting either from the use of equipment that does not meet the specifications indicated in point 4, or from the appearance of a bug or incompatibility.<\/p>\n<p>SARL BEQUIA may also not be held liable for indirect damage (such as loss of business or loss of opportunity) resulting from use of the SARL BEQUIA (lorient-residence.fr) website.<\/p>\n<p>Interactive areas (possibility of asking questions in the contact area) are available to users. SARL BEQUIA reserves the right to delete, without prior notice, any content posted in this area that contravenes the legislation applicable in France, in particular the provisions relating to data protection. Where applicable, SARL BEQUIA also reserves the right to hold the user civilly and\/or criminally liable, particularly in the event of messages of a racist, insulting, defamatory or pornographic nature, whatever the medium used (text, photographs, etc.).<\/p>\n<\/div><\/div><\/div><\/div><\/div><\/div><\/div><\/section><section class=\"l-section wpb_row height_medium\"><div class=\"l-section-h i-cf\"><div class=\"g-cols vc_row via_flex valign_top type_default stacking_default\"><div class=\"vc_col-sm-12 wpb_column vc_column_container\"><div class=\"vc_column-inner\"><div class=\"wpb_wrapper\"><div class=\"wpb_text_column\"><div class=\"wpb_wrapper\"><h2>Personal data management<\/h2>\n<h3>Forms<\/h3>\n<p>Each form or teleservice limits the collection of personal data to what is strictly necessary (data minimisation) and indicates in particular:<\/p>\n<ul>\n<li>the purposes for which the data is collected;<br \/>\nwhether this data is obligatory or optional for the management of your request;<\/li>\n<li>who will be able to access it (in principle only SARL BEQUIA, unless it is specified on the form that it will be passed on to a third party for the purposes of managing your request);<\/li>\n<li>your data protection rights and how to exercise them with SARL BEQUIA.<\/li>\n<\/ul>\n<p>The personal data collected as part of the services offered on the SARL BEQUIA website (lorient-residence.fr) are processed using secure protocols and enable SARL BEQUIA to manage the requests received in its IT applications.<\/p>\n<p>For any information or to exercise your rights regarding the processing of personal data managed by SARL BEQUIA, please contact :<\/p>\n<ul>\n<li><strong>by email :<\/strong> <a href=\"mailto:contact@lorient-residence.fr\">contact@lorient-residence.fr<\/a><\/li>\n<li><strong>by post :<\/strong> Lorient R\u00e9sidence<br \/>\n758 rue Pierre Landais<br \/>\n56850 CAUDAN &#8211; France<\/li>\n<\/ul>\n<h3>Purposes of processing your personal data<\/h3>\n<p>SARL BEQUIA only processes personal data for specific, explicit and legitimate purposes. SARL BEQUIA does not process this data in a way that is incompatible with these purposes. To this end, the purposes pursued by SARL BEQUIA are as follows:<\/p>\n<ul>\n<li><strong>Processing of contact form data<\/strong><br \/>\nCollection, transmission and recording of data to contact the company:<br \/>\nSending a reply email.<\/li>\n<\/ul>\n<h3>Customer knowledge and website audience statistics<\/h3>\n<p>We may use data to better understand our customers or for statistical purposes to analyse our site activity and improve the services we offer. For example, we measure the number of pages viewed, the number of visits to the site, and the activity of visitors on the site and the frequency with which they return.<\/p>\n<h3>What data is processed?<\/h3>\n<p>SARL BEQUIA only processes data or a category of data if it is strictly necessary for the intended purpose. You can find information on these purposes above.<\/p>\n<p>SARL BEQUIA processes the following categories of data:<\/p>\n<ul>\n<li>Identity details: First name, surname<\/li>\n<li>Contact details: Email<\/li>\n<li>Content data: Email box<\/li>\n<\/ul>\n<h3>Who receives the data?<\/h3>\n<p>The data collected is intended for the site&#8217;s internal departments.<\/p>\n<p>Lastly, the data processed may be transmitted to the competent authorities, at their request, as part of legal proceedings, as part of legal investigations and requests for information from the authorities or in order to comply with other legal obligations.<\/p>\n<h3>How is the data secured?<\/h3>\n<p>SARL BEQUIA ensures that your data is processed in complete security and confidentiality, including when certain operations are carried out by subcontractors. To this end, appropriate technical and organisational measures are put in place to prevent the loss, misuse, alteration and deletion of your personal data. These measures are adapted according to the sensitivity of the data processed and the level of risk presented by the processing or its implementation.<\/p>\n<\/div><\/div><\/div><\/div><\/div><\/div><\/div><\/section><section class=\"l-section wpb_row height_medium\"><div class=\"l-section-h i-cf\"><div class=\"g-cols vc_row via_flex valign_top type_default stacking_default\"><div class=\"vc_col-sm-12 wpb_column vc_column_container\"><div class=\"vc_column-inner\"><div class=\"wpb_wrapper\"><div class=\"wpb_text_column\"><div class=\"wpb_wrapper\"><h2>Hyperlinks and cookies<\/h2>\n<p>The SARL BEQUIA site (lorient-residence.fr) contains a number of hypertext links to other sites, set up with the authorisation of SARL BEQUIA. However, SARL BEQUIA is not in a position to check the content of sites visited in this way, and consequently accepts no liability in this respect.<\/p>\n<p>Browsing the SARL BEQUIA website (lorient-residence.fr) may result in the installation of cookie(s) on the user&#8217;s computer. A cookie is a small file which does not allow the user to be identified, but which records information relating to the browsing of a computer on a site. The data obtained in this way is intended to facilitate subsequent browsing of the site and is also used to measure visitor numbers.<\/p>\n<p>Refusal to install a cookie may make it impossible to access certain services. Users may, however, configure their computer as follows to refuse the installation of cookies:<\/p>\n<ul>\n<li><strong>Edge :<\/strong> From the dots at the top left of your window, click on \u2018Settings\u2019, then \u2018Advanced settings\u2019, in the \u2018Cookies\u2019 section select \u2018Block all cookies\u2019. Remember to delete your browsing data by returning to the \u2018Settings\u2019 section (the first window), and click on \u2018Delete browsing data\u2019, and tick off: \u2018Cookie and saved website data\u2019 and \u2018Files and cached data\u2019.<\/li>\n<li><strong>Internet Explorer<\/strong> : Tools tab (cog-shaped icon at top right) \/ Internet options. Click on Confidentiality and choose Block all cookies. Confirm with Ok. However, we advise you to uninstall this browser.<\/li>\n<li><strong>Firefox :<\/strong> At the top of the browser window, click on the Firefox button, then go to the Options tab. Click on the Privacy tab. Set the Retention Rules to: use personalised settings for history. Finally, uncheck it to deactivate cookies.<\/li>\n<li><strong>Safari :<\/strong> At the top right of the browser, click on the menu icon (symbolised by a cog). Select Settings. Click on Show advanced settings. In the \u2018Confidentiality\u2019 section, click on \u2018Content settings\u2019. In the \u2018Cookies\u2019 section, you can block cookies.<\/li>\n<li><strong>Chrome :<\/strong> At the top right of the browser, click on the menu icon (symbolised by three horizontal lines). Select Settings. Click on Show advanced settings. In the \u2018Confidentiality\u2019 section, click on preferences. In the \u2018Confidentiality\u2019 tab, you can block cookies.<\/li>\n<\/ul>\n<\/div><\/div><\/div><\/div><\/div><\/div><\/div><\/section><section class=\"l-section wpb_row height_medium\"><div class=\"l-section-h i-cf\"><div class=\"g-cols vc_row via_flex valign_top type_default stacking_default\"><div class=\"vc_col-sm-12 wpb_column vc_column_container\"><div class=\"vc_column-inner\"><div class=\"wpb_wrapper\"><div class=\"wpb_text_column\"><div class=\"wpb_wrapper\"><h2>Glossary<\/h2>\n<ul>\n<li><strong>User :<\/strong> Internet user connecting to and using the above-mentioned site.<\/li>\n<li><strong>Personal information :<\/strong> &#8221; information which enables, in any form whatsoever, directly or indirectly, the identification of the natural persons to whom it applies\u2019&#8221;(article 4 of law no. 78-17 of 6 January 1978).<\/li>\n<\/ul>\n<\/div><\/div><\/div><\/div><\/div><\/div><\/div><\/section>\n","protected":false},"excerpt":{"rendered":"Terms of use Book my stay at Lorient R\u00e9sidence Book now Site presentation Pursuant to Article 6 of Law No. 2004-575 of 21 June 2004 on confidence in the digital economy, users of the SARL BEQUIA (lorient-residence.fr) website are informed of the identity of the various parties involved in its creation and follow-up: Owner :...","protected":false},"author":1,"featured_media":0,"parent":0,"menu_order":0,"comment_status":"closed","ping_status":"closed","template":"","meta":{"footnotes":""},"class_list":["post-384","page","type-page","status-publish","hentry"],"yoast_head":"<!-- This site is optimized with the Yoast SEO plugin v26.9 - https:\/\/yoast.com\/product\/yoast-seo-wordpress\/ -->\n<title>Terms of use - Lorient R\u00e9sidence<\/title>\n<meta name=\"robots\" content=\"index, follow, max-snippet:-1, max-image-preview:large, max-video-preview:-1\" \/>\n<link rel=\"canonical\" href=\"https:\/\/lorient-residence.fr\/en\/terms-of-use\/\" \/>\n<meta property=\"og:locale\" content=\"en_US\" \/>\n<meta property=\"og:type\" content=\"article\" \/>\n<meta property=\"og:title\" content=\"Terms of use - Lorient R\u00e9sidence\" \/>\n<meta property=\"og:url\" content=\"https:\/\/lorient-residence.fr\/en\/terms-of-use\/\" \/>\n<meta property=\"og:site_name\" content=\"Lorient R\u00e9sidence\" \/>\n<meta property=\"article:modified_time\" content=\"2024-12-05T11:19:24+00:00\" \/>\n<meta name=\"twitter:card\" content=\"summary_large_image\" \/>\n<meta name=\"twitter:label1\" content=\"Est. reading time\" \/>\n\t<meta name=\"twitter:data1\" content=\"8 minutes\" \/>\n<script type=\"application\/ld+json\" class=\"yoast-schema-graph\">{\"@context\":\"https:\/\/schema.org\",\"@graph\":[{\"@type\":\"WebPage\",\"@id\":\"https:\/\/lorient-residence.fr\/en\/terms-of-use\/\",\"url\":\"https:\/\/lorient-residence.fr\/en\/terms-of-use\/\",\"name\":\"Terms of use - Lorient R\u00e9sidence\",\"isPartOf\":{\"@id\":\"https:\/\/lorient-residence.fr\/#website\"},\"datePublished\":\"2024-10-15T15:15:17+00:00\",\"dateModified\":\"2024-12-05T11:19:24+00:00\",\"breadcrumb\":{\"@id\":\"https:\/\/lorient-residence.fr\/en\/terms-of-use\/#breadcrumb\"},\"inLanguage\":\"en-US\",\"potentialAction\":[{\"@type\":\"ReadAction\",\"target\":[\"https:\/\/lorient-residence.fr\/en\/terms-of-use\/\"]}]},{\"@type\":\"BreadcrumbList\",\"@id\":\"https:\/\/lorient-residence.fr\/en\/terms-of-use\/#breadcrumb\",\"itemListElement\":[{\"@type\":\"ListItem\",\"position\":1,\"name\":\"Accueil\",\"item\":\"https:\/\/lorient-residence.fr\/en\/\"},{\"@type\":\"ListItem\",\"position\":2,\"name\":\"Terms of use\"}]},{\"@type\":\"WebSite\",\"@id\":\"https:\/\/lorient-residence.fr\/#website\",\"url\":\"https:\/\/lorient-residence.fr\/\",\"name\":\"Lorient R\u00e9sidence\",\"description\":\"\",\"publisher\":{\"@id\":\"https:\/\/lorient-residence.fr\/#organization\"},\"potentialAction\":[{\"@type\":\"SearchAction\",\"target\":{\"@type\":\"EntryPoint\",\"urlTemplate\":\"https:\/\/lorient-residence.fr\/?s={search_term_string}\"},\"query-input\":{\"@type\":\"PropertyValueSpecification\",\"valueRequired\":true,\"valueName\":\"search_term_string\"}}],\"inLanguage\":\"en-US\"},{\"@type\":\"Organization\",\"@id\":\"https:\/\/lorient-residence.fr\/#organization\",\"name\":\"Lorient R\u00e9sidence\",\"url\":\"https:\/\/lorient-residence.fr\/\",\"logo\":{\"@type\":\"ImageObject\",\"inLanguage\":\"en-US\",\"@id\":\"https:\/\/lorient-residence.fr\/#\/schema\/logo\/image\/\",\"url\":\"https:\/\/lorient-residence.fr\/wp-content\/uploads\/2024\/10\/lorient-residence-favicon.png\",\"contentUrl\":\"https:\/\/lorient-residence.fr\/wp-content\/uploads\/2024\/10\/lorient-residence-favicon.png\",\"width\":696,\"height\":696,\"caption\":\"Lorient R\u00e9sidence\"},\"image\":{\"@id\":\"https:\/\/lorient-residence.fr\/#\/schema\/logo\/image\/\"}}]}<\/script>\n<!-- \/ Yoast SEO plugin. -->","yoast_head_json":{"title":"Terms of use - Lorient R\u00e9sidence","robots":{"index":"index","follow":"follow","max-snippet":"max-snippet:-1","max-image-preview":"max-image-preview:large","max-video-preview":"max-video-preview:-1"},"canonical":"https:\/\/lorient-residence.fr\/en\/terms-of-use\/","og_locale":"en_US","og_type":"article","og_title":"Terms of use - Lorient R\u00e9sidence","og_url":"https:\/\/lorient-residence.fr\/en\/terms-of-use\/","og_site_name":"Lorient R\u00e9sidence","article_modified_time":"2024-12-05T11:19:24+00:00","twitter_card":"summary_large_image","twitter_misc":{"Est. reading time":"8 minutes"},"schema":{"@context":"https:\/\/schema.org","@graph":[{"@type":"WebPage","@id":"https:\/\/lorient-residence.fr\/en\/terms-of-use\/","url":"https:\/\/lorient-residence.fr\/en\/terms-of-use\/","name":"Terms of use - Lorient R\u00e9sidence","isPartOf":{"@id":"https:\/\/lorient-residence.fr\/#website"},"datePublished":"2024-10-15T15:15:17+00:00","dateModified":"2024-12-05T11:19:24+00:00","breadcrumb":{"@id":"https:\/\/lorient-residence.fr\/en\/terms-of-use\/#breadcrumb"},"inLanguage":"en-US","potentialAction":[{"@type":"ReadAction","target":["https:\/\/lorient-residence.fr\/en\/terms-of-use\/"]}]},{"@type":"BreadcrumbList","@id":"https:\/\/lorient-residence.fr\/en\/terms-of-use\/#breadcrumb","itemListElement":[{"@type":"ListItem","position":1,"name":"Accueil","item":"https:\/\/lorient-residence.fr\/en\/"},{"@type":"ListItem","position":2,"name":"Terms of use"}]},{"@type":"WebSite","@id":"https:\/\/lorient-residence.fr\/#website","url":"https:\/\/lorient-residence.fr\/","name":"Lorient R\u00e9sidence","description":"","publisher":{"@id":"https:\/\/lorient-residence.fr\/#organization"},"potentialAction":[{"@type":"SearchAction","target":{"@type":"EntryPoint","urlTemplate":"https:\/\/lorient-residence.fr\/?s={search_term_string}"},"query-input":{"@type":"PropertyValueSpecification","valueRequired":true,"valueName":"search_term_string"}}],"inLanguage":"en-US"},{"@type":"Organization","@id":"https:\/\/lorient-residence.fr\/#organization","name":"Lorient R\u00e9sidence","url":"https:\/\/lorient-residence.fr\/","logo":{"@type":"ImageObject","inLanguage":"en-US","@id":"https:\/\/lorient-residence.fr\/#\/schema\/logo\/image\/","url":"https:\/\/lorient-residence.fr\/wp-content\/uploads\/2024\/10\/lorient-residence-favicon.png","contentUrl":"https:\/\/lorient-residence.fr\/wp-content\/uploads\/2024\/10\/lorient-residence-favicon.png","width":696,"height":696,"caption":"Lorient R\u00e9sidence"},"image":{"@id":"https:\/\/lorient-residence.fr\/#\/schema\/logo\/image\/"}}]}},"_links":{"self":[{"href":"https:\/\/lorient-residence.fr\/en\/wp-json\/wp\/v2\/pages\/384","targetHints":{"allow":["GET"]}}],"collection":[{"href":"https:\/\/lorient-residence.fr\/en\/wp-json\/wp\/v2\/pages"}],"about":[{"href":"https:\/\/lorient-residence.fr\/en\/wp-json\/wp\/v2\/types\/page"}],"author":[{"embeddable":true,"href":"https:\/\/lorient-residence.fr\/en\/wp-json\/wp\/v2\/users\/1"}],"replies":[{"embeddable":true,"href":"https:\/\/lorient-residence.fr\/en\/wp-json\/wp\/v2\/comments?post=384"}],"version-history":[{"count":0,"href":"https:\/\/lorient-residence.fr\/en\/wp-json\/wp\/v2\/pages\/384\/revisions"}],"wp:attachment":[{"href":"https:\/\/lorient-residence.fr\/en\/wp-json\/wp\/v2\/media?parent=384"}],"curies":[{"name":"wp","href":"https:\/\/api.w.org\/{rel}","templated":true}]}}